{"id":297,"date":"2024-07-18T10:48:06","date_gmt":"2024-07-18T08:48:06","guid":{"rendered":"https:\/\/kospoznan.pan.pl\/?page_id=297"},"modified":"2025-12-11T10:53:18","modified_gmt":"2025-12-11T09:53:18","slug":"dzialalnosc-kos","status":"publish","type":"page","link":"https:\/\/kospoznan.pan.pl\/?page_id=297","title":{"rendered":"Dzia\u0142alno\u015b\u0107 KOS"},"content":{"rendered":"\n<h1 class=\"wp-block-heading\">DZIA\u0141ALNO\u015a\u0106 <\/h1>\n\n\n\n<p><br>Komisja Onomastyki S\u0142owia\u0144skiej dzia\u0142a w ramach Mi\u0119dzynarodowego Komitetu Slawist\u00f3w. Jej celem jest popularyzacja wiedzy z zakresu onomastyki na S\u0142owia\u0144szczy\u017anie, wspieranie przedsi\u0119wzi\u0119\u0107 i spotka\u0144 naukowych po\u015bwi\u0119conych problematyce onomastycznej oraz og\u00f3lnie j\u0119zykom i kulturom s\u0142owia\u0144skim.<\/p>\n\n\n\n<p>Cz\u0142onkowie KOS wsp\u00f3\u0142pracuj\u0105 r\u00f3wnie\u017c z narodowymi komisjami onomastycznymi, przede wszystkim z Komisj\u0105 Onomastyczn\u0105 Komitetu J\u0119zykoznawstwa PAN w Polsce oraz S\u0142owack\u0105 Komisj\u0105 Onomastyczn\u0105 (Slovensk\u00e1 onomastick\u00e1 komisia pri J\u00da\u013d\u0160). W ramach tej wsp\u00f3\u0142pracy odbywaj\u0105 si\u0119 wsp\u00f3lne posiedzenia komisji, w\u0142\u0105czane w program regularnie odbywaj\u0105cych si\u0119 konferencji onomastycznych. Podczas posiedze\u0144 cz\u0142onkowie KOS przedstawiaj\u0105 sprawozdania z najwa\u017cniejszych osi\u0105gni\u0119\u0107 w obszarze bada\u0144 onomastycznych w krajach s\u0142owia\u0144skich i\u00a0nie tylko, prezentuj\u0105 m.in. post\u0119py prac nad projektami zapocz\u0105tkowanymi przez KOS jeszcze w latach 60. XX wieku (g\u0142\u00f3wnie w zakresie S\u0142owia\u0144skiego Atlasu Onomastycznego), omawiaj\u0105 te\u017c aktualne problemy onomastyki w perspektywie mi\u0119dzynarodowej (m.in. zagadnienia terminologii onomastycznej, r\u00f3wnie\u017c w perspektywie interdyscyplinarnej).<\/p>\n\n\n\n<p>Przedstawiciele KOS reprezentowali oraz reprezentuj\u0105 onomastyk\u0119 s\u0142owia\u0144sk\u0105 w gronie \u015bcis\u0142ego Zarz\u0105du ICOS International Council of Onomastic Sciences, m.in. dr Milan Harval\u00edk (jako przewodnicz\u0105cy ICOS w latach 2014-2017), prof. Barbara Czopek-Kopciuch (jako cz\u0142onek Zarz\u0105du ICOS w latach 2014-2017), prof. Urszula Bijak (jako wiceprzewodnicz\u0105ca ICOS w latach 2017-2021), prof. Artur Ga\u0142kowski (cz\u0142onek Zarz\u0105du ICOS, koordynator Grupy Terminologicznej ICOS).<br><\/p>\n","protected":false},"excerpt":{"rendered":"<p>DZIA\u0141ALNO\u015a\u0106 Komisja Onomastyki S\u0142owia\u0144skiej dzia\u0142a w ramach Mi\u0119dzynarodowego Komitetu Slawist\u00f3w. Jej celem jest popularyzacja wiedzy z zakresu onomastyki na S\u0142owia\u0144szczy\u017anie, wspieranie przedsi\u0119wzi\u0119\u0107 i spotka\u0144 naukowych po\u015bwi\u0119conych problematyce onomastycznej oraz og\u00f3lnie j\u0119zykom i kulturom s\u0142owia\u0144skim. Cz\u0142onkowie KOS wsp\u00f3\u0142pracuj\u0105 r\u00f3wnie\u017c z narodowymi komisjami onomastycznymi, przede wszystkim z Komisj\u0105 Onomastyczn\u0105 Komitetu J\u0119zykoznawstwa PAN w Polsce oraz S\u0142owack\u0105 Komisj\u0105&hellip; <br \/> <a class=\"read-more\" href=\"https:\/\/kospoznan.pan.pl\/?page_id=297\">Dowiedz si\u0119 wi\u0119cej<\/a><\/p>\n","protected":false},"author":2,"featured_media":0,"parent":0,"menu_order":0,"comment_status":"closed","ping_status":"closed","template":"","meta":{"ngg_post_thumbnail":0,"footnotes":""},"class_list":["post-297","page","type-page","status-publish","hentry"],"_links":{"self":[{"href":"https:\/\/kospoznan.pan.pl\/index.php?rest_route=\/wp\/v2\/pages\/297","targetHints":{"allow":["GET"]}}],"collection":[{"href":"https:\/\/kospoznan.pan.pl\/index.php?rest_route=\/wp\/v2\/pages"}],"about":[{"href":"https:\/\/kospoznan.pan.pl\/index.php?rest_route=\/wp\/v2\/types\/page"}],"author":[{"embeddable":true,"href":"https:\/\/kospoznan.pan.pl\/index.php?rest_route=\/wp\/v2\/users\/2"}],"replies":[{"embeddable":true,"href":"https:\/\/kospoznan.pan.pl\/index.php?rest_route=%2Fwp%2Fv2%2Fcomments&post=297"}],"version-history":[{"count":9,"href":"https:\/\/kospoznan.pan.pl\/index.php?rest_route=\/wp\/v2\/pages\/297\/revisions"}],"predecessor-version":[{"id":735,"href":"https:\/\/kospoznan.pan.pl\/index.php?rest_route=\/wp\/v2\/pages\/297\/revisions\/735"}],"wp:attachment":[{"href":"https:\/\/kospoznan.pan.pl\/index.php?rest_route=%2Fwp%2Fv2%2Fmedia&parent=297"}],"curies":[{"name":"wp","href":"https:\/\/api.w.org\/{rel}","templated":true}]}}