{"id":405,"date":"2024-07-19T10:25:09","date_gmt":"2024-07-19T08:25:09","guid":{"rendered":"https:\/\/kospoznan.pan.pl\/?page_id=405"},"modified":"2025-09-15T11:59:15","modified_gmt":"2025-09-15T09:59:15","slug":"konferencje","status":"publish","type":"page","link":"https:\/\/kospoznan.pan.pl\/?page_id=405","title":{"rendered":"Konferencje"},"content":{"rendered":"\n<h1 class=\"wp-block-heading\">KONFERENCJE<\/h1>\n\n\n\n<p>Cz\u0142onkowie Komisji Onomastyki S\u0142owia\u0144skiej przygotowuj\u0105 si\u0119 do wzi\u0119cia udzia\u0142u w XVII Mi\u0119dzynarodowym Kongresie Slawist\u00f3w, kt\u00f3ry odb\u0119dzie si\u0119 25-29 sierpnia 2025 roku w Pary\u017cu, na Uniwersytecie w Sorbonie https:\/\/mks-paris.sciencesconf.org. <\/p>\n\n\n\n<p><a href=\"https:\/\/onomastica.ijppan.pl\/index.php\/ONOM\">https:\/\/onomastica.ijppan.pl\/index.php\/ONOM<\/a><\/p>\n\n\n\n<p><a href=\"https:\/\/www.ff.umb.sk\/app\/cmsSiteBoxAttachment.php?ID=8464&amp;cmsDataID=0\">https:\/\/www.ff.umb.sk\/app\/cmsSiteBoxAttachment.php?ID=8464&amp;cmsDataID=0<\/a><\/p>\n\n\n\n<h3 class=\"wp-block-heading\">PROGRAM KONFERENCJI: <\/h3>\n\n\n\n<p><a href=\"https:\/\/mks-paris.sciencesconf.org.\/resource\/page\/id\/19\">https:\/\/mks-paris.sciencesconf.org.\/resource\/page\/id\/19<\/a><\/p>\n\n\n\nngg_shortcode_0_placeholder\n\n\n\n<div style=\"height:40px\" aria-hidden=\"true\" class=\"wp-block-spacer\"><\/div>\n\n\n\n<p>W latach 2013-2023 Komisja Onomastyki S\u0142owia\u0144skiej wspiera\u0142a organizacj\u0119 nast\u0119puj\u0105cych wydarze\u0144 naukowych lub im patronowa\u0142a: <br><br><strong>28-30.04.2014 BRATYS\u0141AWA<\/strong><br>XIX S\u0142owacka Konferencja Onomastyczna (Slovensk\u00e1 onomastick\u00e1 konferencja SOK) <br>dedykowana Dr. Milanowi Majt\u00e1nowi <\/p>\n\n\n\n<p> <strong>20-22.09.2014 GNIEZNO<\/strong><br>XIX Mi\u0119dzynarodowa i Og\u00f3lnopolska Konferencja Onomastyczna MiOKO <br>&#8222;Funkcje nazw w\u0142asnych&#8221;<p class=\"MsoPlainText\"><\/p><\/p>\n\n\n\n<p><strong>26-28.06.2017 BA\u0143SKA BYSTRZYCA<\/strong><br>XX Jubileuszowa S\u0142owacka Konferencja Onomastyczna (Slovensk\u00e1 onomastick\u00e1 konferencja SOK) &#8222;Konwergencje i dywergencje w sferze proprialnej&#8221;<\/p>\n\n\n\n<p><strong>21-23.09.2017 KRAK\u00d3W<\/strong><br>XX Jubileuszowa Mi\u0119dzynarodowa i Og\u00f3lnopolska Konferencja Onomastyczna MiOKO <br>&#8222;Onomastyka &#8211; Neohumanistyka &#8211; Nauki spo\u0142eczne&#8221; <\/p>\n\n\n\n<p><strong>2018 Kazimierz n.\/Wis\u0142\u0105 <\/strong><br>XXI Mi\u0119dzynarodowa i Og\u00f3lnopolska Konferencja Onomastyczna MiOKO<\/p>\n\n\n\n<p><strong>2019 <\/strong><br>XXI S\u0142owacka Konferencja Onomastyczna (Slovensk\u00e1 onomastick\u00e1 konferencja SOK)<\/p>\n\n\n\n<p><strong>2019 JEKATERYNBURG<\/strong><br>Konferencji \u042d\u0442\u043d\u043e\u043b\u0438\u043d\u0433\u0432\u0438\u0441\u0442\u0438\u043a\u0430. \u041e\u043d\u043e\u043c\u0430\u0441\u0442\u0438\u043a\u0430. \u042d\u0442\u0438\u043c\u043e\u043b\u043e\u0433\u0438\u044f<\/p>\n\n\n\n<p><strong>2021 RZESZ\u00d3W <\/strong><br>XXII Mi\u0119dzynarodowa i Og\u00f3lnopolska Konferencja Onomastyczna MiOKO<\/p>\n\n\n\n<p><strong>2023 OPOLE<\/strong><br>XXIII Mi\u0119dzynarodowa i Og\u00f3lnopolska Konferencja Onomastyczna MiOKO<\/p>\n\n\n\n<p><br><br><\/p>\n","protected":false},"excerpt":{"rendered":"<p>KONFERENCJE Cz\u0142onkowie Komisji Onomastyki S\u0142owia\u0144skiej przygotowuj\u0105 si\u0119 do wzi\u0119cia udzia\u0142u w XVII Mi\u0119dzynarodowym Kongresie Slawist\u00f3w, kt\u00f3ry odb\u0119dzie si\u0119 25-29 sierpnia 2025 roku w Pary\u017cu, na Uniwersytecie w Sorbonie https:\/\/mks-paris.sciencesconf.org. https:\/\/onomastica.ijppan.pl\/index.php\/ONOM https:\/\/www.ff.umb.sk\/app\/cmsSiteBoxAttachment.php?ID=8464&amp;cmsDataID=0 PROGRAM KONFERENCJI: https:\/\/mks-paris.sciencesconf.org.\/resource\/page\/id\/19 W latach 2013-2023 Komisja Onomastyki S\u0142owia\u0144skiej wspiera\u0142a organizacj\u0119 nast\u0119puj\u0105cych wydarze\u0144 naukowych lub im patronowa\u0142a: 28-30.04.2014 BRATYS\u0141AWAXIX S\u0142owacka Konferencja Onomastyczna (Slovensk\u00e1 onomastick\u00e1&hellip; <br \/> <a class=\"read-more\" href=\"https:\/\/kospoznan.pan.pl\/?page_id=405\">Dowiedz si\u0119 wi\u0119cej<\/a><\/p>\n","protected":false},"author":2,"featured_media":0,"parent":0,"menu_order":0,"comment_status":"closed","ping_status":"closed","template":"","meta":{"ngg_post_thumbnail":0,"footnotes":""},"class_list":["post-405","page","type-page","status-publish","hentry"],"_links":{"self":[{"href":"https:\/\/kospoznan.pan.pl\/index.php?rest_route=\/wp\/v2\/pages\/405","targetHints":{"allow":["GET"]}}],"collection":[{"href":"https:\/\/kospoznan.pan.pl\/index.php?rest_route=\/wp\/v2\/pages"}],"about":[{"href":"https:\/\/kospoznan.pan.pl\/index.php?rest_route=\/wp\/v2\/types\/page"}],"author":[{"embeddable":true,"href":"https:\/\/kospoznan.pan.pl\/index.php?rest_route=\/wp\/v2\/users\/2"}],"replies":[{"embeddable":true,"href":"https:\/\/kospoznan.pan.pl\/index.php?rest_route=%2Fwp%2Fv2%2Fcomments&post=405"}],"version-history":[{"count":10,"href":"https:\/\/kospoznan.pan.pl\/index.php?rest_route=\/wp\/v2\/pages\/405\/revisions"}],"predecessor-version":[{"id":715,"href":"https:\/\/kospoznan.pan.pl\/index.php?rest_route=\/wp\/v2\/pages\/405\/revisions\/715"}],"wp:attachment":[{"href":"https:\/\/kospoznan.pan.pl\/index.php?rest_route=%2Fwp%2Fv2%2Fmedia&parent=405"}],"curies":[{"name":"wp","href":"https:\/\/api.w.org\/{rel}","templated":true}]}}