{"id":415,"date":"2024-07-23T10:39:28","date_gmt":"2024-07-23T08:39:28","guid":{"rendered":"https:\/\/kospoznan.pan.pl\/?page_id=415"},"modified":"2024-07-23T11:27:08","modified_gmt":"2024-07-23T09:27:08","slug":"projekty","status":"publish","type":"page","link":"https:\/\/kospoznan.pan.pl\/?page_id=415","title":{"rendered":"Projekty"},"content":{"rendered":"\n<h1 class=\"wp-block-heading\">PROJEKTY<\/h1>\n\n\n\n<div class=\"wp-block-media-text has-media-on-the-right is-stacked-on-mobile\" style=\"grid-template-columns:auto 15%\"><div class=\"wp-block-media-text__content\">\n<p><strong>Cz\u0142onkowie KOS obecnie: <\/strong><br><br>&#8211; przygotowuj\u0105 wieloautorskie opracowanie z zakresu s\u0142owia\u0144skiego nazewnictwa terenowego i miejscowego po\u015bwi\u0119cone toponimom pochodz\u0105cym od nazw dni tygodnia,<br>&#8211; uczestnicz\u0105 w projekcie J\u00da\u013d\u0160 S\u0142owackiej Akademii Nauk, stawiaj\u0105cym sobie za cel opracowanie terminologii onomastycznej w ramach zdygitalyzowanej bazy korpusowej s\u0142owackiej terminologii naukowej.<\/p>\n<\/div><figure class=\"wp-block-media-text__media\"><img loading=\"lazy\" decoding=\"async\" width=\"89\" height=\"82\" src=\"https:\/\/kospoznan.pan.pl\/wp-content\/uploads\/2024\/07\/iko1-1.jpg\" alt=\"\" class=\"wp-image-420 size-full\"\/><\/figure><\/div>\n\n\n\n<div style=\"height:100px\" aria-hidden=\"true\" class=\"wp-block-spacer\"><\/div>\n\n\n\n<div class=\"wp-block-media-text has-media-on-the-right is-stacked-on-mobile\" style=\"grid-template-columns:auto 15%\"><div class=\"wp-block-media-text__content\">\n<p><strong>W ramach dzia\u0142alno\u015bci naukowej KOS przygotowywane s\u0105 publikacje z zakresu onomastyki.<\/strong> <br><br>Seria artyku\u0142\u00f3w, kt\u00f3re by\u0142y podstaw\u0105 dyskusji podczas bloku onomastycznego XVI MKS w Belgradzie w 2018 roku, zosta\u0142a wydana w numerze 61\/1 czasopisma \u201eOnomastica\u201d (tytu\u0142 bloku: Onomastyka a kultura wsp\u00f3\u0142czesna \/ Onomastics and Contemporary Culture):<br>&#8211; J. Hladk\u00fd: <em>Spolo\u010densk\u00e1 hodnota vlastn\u00e9ho mena \/ The Social Value of Proper Names<\/em> (s. 15)<br>&#8211; I. Valentov\u00e1: <em>Anojkonymia v spolo\u010denskom a kult\u00farnom kontexte \/ Anoikonymy in a Social and Cultural Contex<\/em>t (s. 25)<br>&#8211; \u0413. M\u0435\u0437\u0435\u043d\u043a\u0430: <em>\u041b\u0456\u043a\u0456 \u0456 \u043b\u0456\u0447\u0431\u044b \u045e \u0441\u043b\u0430\u0432\u044f\u043d\u0441\u043a\u0430\u0439 \u0443\u0440\u0431\u0430\u043d\u0430\u043d\u0456\u043c\u0456\u0456: \u043d\u0430\u0431\u043e\u0440, \u0441\u0456\u043c\u0432\u043e\u043b\u0456\u043a\u0430, \u0430\u0441\u0430\u0431\u043b\u0456\u0432\u0430\u0441\u0446\u0456 \u0444\u0443\u043d\u043a\u0446\u044b\u044f\u043d\u0430\u0432\u0430\u043d\u043d\u044f \/ Numbers and Figures in Slavic Urbanonymy: Composition, Symbolics, Functioning Features<\/em> (s. 43)<br>&#8211; A. Ga\u0142kowski: <em>Chrematonimia w kulturze wsp\u00f3\u0142czesnej \/ Chrematonymy in Contemporary Culture<\/em> (s. 55)<br>&#8211; K. Skowronek: <em>Dziewczyna w typie Kendall Jenner. Antroponimy \u017ce\u0144skie w prasie \u201ekobiecej\u201d na tle koncepcji genderowych \/ A Girl like Kendall Jenner: Feminine anthroponyms in the light of gender theories<\/em> (s. 73)<\/p>\n<\/div><figure class=\"wp-block-media-text__media\"><img loading=\"lazy\" decoding=\"async\" width=\"89\" height=\"82\" src=\"https:\/\/kospoznan.pan.pl\/wp-content\/uploads\/2024\/07\/iko2.jpg\" alt=\"\" class=\"wp-image-421 size-full\"\/><\/figure><\/div>\n\n\n\n<p><\/p>\n","protected":false},"excerpt":{"rendered":"<p>PROJEKTY Cz\u0142onkowie KOS obecnie: &#8211; przygotowuj\u0105 wieloautorskie opracowanie z zakresu s\u0142owia\u0144skiego nazewnictwa terenowego i miejscowego po\u015bwi\u0119cone toponimom pochodz\u0105cym od nazw dni tygodnia,&#8211; uczestnicz\u0105 w projekcie J\u00da\u013d\u0160 S\u0142owackiej Akademii Nauk, stawiaj\u0105cym sobie za cel opracowanie terminologii onomastycznej w ramach zdygitalyzowanej bazy korpusowej s\u0142owackiej terminologii naukowej. W ramach dzia\u0142alno\u015bci naukowej KOS przygotowywane s\u0105 publikacje z zakresu onomastyki.&hellip; <br \/> <a class=\"read-more\" href=\"https:\/\/kospoznan.pan.pl\/?page_id=415\">Dowiedz si\u0119 wi\u0119cej<\/a><\/p>\n","protected":false},"author":2,"featured_media":0,"parent":0,"menu_order":0,"comment_status":"closed","ping_status":"closed","template":"","meta":{"ngg_post_thumbnail":0,"footnotes":""},"class_list":["post-415","page","type-page","status-publish","hentry"],"_links":{"self":[{"href":"https:\/\/kospoznan.pan.pl\/index.php?rest_route=\/wp\/v2\/pages\/415","targetHints":{"allow":["GET"]}}],"collection":[{"href":"https:\/\/kospoznan.pan.pl\/index.php?rest_route=\/wp\/v2\/pages"}],"about":[{"href":"https:\/\/kospoznan.pan.pl\/index.php?rest_route=\/wp\/v2\/types\/page"}],"author":[{"embeddable":true,"href":"https:\/\/kospoznan.pan.pl\/index.php?rest_route=\/wp\/v2\/users\/2"}],"replies":[{"embeddable":true,"href":"https:\/\/kospoznan.pan.pl\/index.php?rest_route=%2Fwp%2Fv2%2Fcomments&post=415"}],"version-history":[{"count":12,"href":"https:\/\/kospoznan.pan.pl\/index.php?rest_route=\/wp\/v2\/pages\/415\/revisions"}],"predecessor-version":[{"id":435,"href":"https:\/\/kospoznan.pan.pl\/index.php?rest_route=\/wp\/v2\/pages\/415\/revisions\/435"}],"wp:attachment":[{"href":"https:\/\/kospoznan.pan.pl\/index.php?rest_route=%2Fwp%2Fv2%2Fmedia&parent=415"}],"curies":[{"name":"wp","href":"https:\/\/api.w.org\/{rel}","templated":true}]}}