{"id":510,"date":"2024-07-25T16:06:44","date_gmt":"2024-07-25T14:06:44","guid":{"rendered":"https:\/\/kospoznan.pan.pl\/?page_id=510"},"modified":"2024-07-25T16:06:44","modified_gmt":"2024-07-25T14:06:44","slug":"udolph","status":"publish","type":"page","link":"https:\/\/kospoznan.pan.pl\/?page_id=510","title":{"rendered":"Udolph"},"content":{"rendered":"\n<h1 class=\"wp-block-heading\"><strong>Prof. Dr. J\u00fcrgen Udolph<\/strong><\/h1>\n\n\n\n<p>1943: geboren in Berlin<br>1971: Magisterpr\u00fcfung in Slavistik und Finnougristik an der Universit\u00e4t G\u00f6ttingen.<br>1973-1979: Wissenschaftlicher Assistent am Sprachwissenschaftlichen Seminar der Universit\u00e4t G\u00f6ttingen<br>1978: Promotion in den F\u00e4chern Sprachwissenschaft, Slavische Philologie und Finnisch-Ugrische Philologie; <br>1979: Dissertation \u201eStudien zu slavischen Gew\u00e4ssernamen und Gew\u00e4sserbezeichnungen &#8211; ein Beitrag zur Frage nach der Urheimat der Slaven\u201c<br>1979-2000: Wissenschaftlicher Angestellter an der Akademie der Wissenschaften und der Literatur Mainz in der Kommission f\u00fcr Vergleichende Sprachwissenschaft (Archiv f\u00fcr Gew\u00e4ssernamen Deutschlands, G\u00f6ttingen)<br>1983: Auszeichnung der namenkundlichen Arbeiten mit dem \u201eHenning-Kaufmann-Preis zur F\u00f6rderung der westdeutschen Namenforschung auf sprachgeschichtlicher Grundlage\u201c<br>1989\/90: Habilitation mit der Arbeit \u201eDie Stellung der Gew\u00e4ssernamen Polens innerhalb der alteurop\u00e4ischen Hydronymie\u201c<br>1994: Buch (1.036 Seiten) \u201eNamenkundliche Studien zum Germanenproblem\u201c<br>1998-2005: Fachberater f\u00fcr Namenforschung beim Reallexikon der Germanischen Altertumskunde<br>2000-31.3.2008: Professor f\u00fcr Onomastik an der Universit\u00e4t Leipzig.<br>Seit 1998 zahlreiche Radiosendungen zu Familiennamen, fr\u00fcher bei Radio Eins, Antenne Bayern u.a., zur Zeit bei MDR Th\u00fcringen, SWR 1 &#8211; Rheinland-Pfalz, MDR Sachsen, Antenne Brandenburg, auch im regelm\u00e4\u00dfig Fernsehauftritte bei MDR um Vier.<br>2005 Beginn des Projektes Ortsnamen zwischen Rhein und Elbe &#8211; Onomastik im europ\u00e4ischen Raum, betreut von der Akademie der Wissenschaften zu G\u00f6ttingen (Dauer: 25 Jahre)<br>2007: Ver\u00f6ffentlichung des Buches \u201eBuch der Namen \u2013 woher sie kommen \u2013 was sie bedeuten\u201c<br>seit <br>2006: Korrespondierendes Mitglied der Nieders\u00e4chsischen Akademie der Wissenschaften zu G\u00f6ttingen.<br>2011: Gr\u00fcndung der Firma \u201eProf. Udolph &#8211; Zentrum f\u00fcr Namenforschung\u201c<br>Verheiratet seit 1971, vier Kinder. Wohnt in der N\u00e4he von G\u00f6ttingen.<br>Zahlreiche Radiosendungen \u00fcber Namen:<br>MDR Sachsen, MDR Th\u00fcringen, SWR I \u2013 Rheinland-Pfalz, Antenne Brandenburg<br>Facebook-Seite: <a href=\"http:\/\/facebook.com\/prof. udolp\">facebook.com\/prof. udolph<\/a><\/p>\n\n\n\n<p><strong>Liste der Ver\u00f6ffentlichungen<\/strong>:<br><a href=\"https:\/\/adw-goe.de\/forschung\/forschungsprojekte-akademienprogramm\/ortsnamen-zwischen-rhein-und-elbe\/personal\/udolph\/publikationen\/\">https:\/\/adw-goe.de\/forschung\/forschungsprojekte-akademienprogramm\/ortsnamen-zwischen-rhein-und-elbe\/personal\/udolph\/publikationen\/<\/a><\/p>\n\n\n\n<p><strong>Photo<\/strong> s. oben<br>Evtl. \u00fcbernehmen von: <a href=\"http:\/\/facebook.com\/prof.udolph\">facebook.com\/prof.udolph<\/a><\/p>\n","protected":false},"excerpt":{"rendered":"<p>Prof. Dr. J\u00fcrgen Udolph 1943: geboren in Berlin1971: Magisterpr\u00fcfung in Slavistik und Finnougristik an der Universit\u00e4t G\u00f6ttingen.1973-1979: Wissenschaftlicher Assistent am Sprachwissenschaftlichen Seminar der Universit\u00e4t G\u00f6ttingen1978: Promotion in den F\u00e4chern Sprachwissenschaft, Slavische Philologie und Finnisch-Ugrische Philologie; 1979: Dissertation \u201eStudien zu slavischen Gew\u00e4ssernamen und Gew\u00e4sserbezeichnungen &#8211; ein Beitrag zur Frage nach der Urheimat der Slaven\u201c1979-2000: Wissenschaftlicher Angestellter&hellip; <br \/> <a class=\"read-more\" href=\"https:\/\/kospoznan.pan.pl\/?page_id=510\">Dowiedz si\u0119 wi\u0119cej<\/a><\/p>\n","protected":false},"author":2,"featured_media":0,"parent":0,"menu_order":0,"comment_status":"closed","ping_status":"closed","template":"","meta":{"ngg_post_thumbnail":0,"footnotes":""},"class_list":["post-510","page","type-page","status-publish","hentry"],"_links":{"self":[{"href":"https:\/\/kospoznan.pan.pl\/index.php?rest_route=\/wp\/v2\/pages\/510","targetHints":{"allow":["GET"]}}],"collection":[{"href":"https:\/\/kospoznan.pan.pl\/index.php?rest_route=\/wp\/v2\/pages"}],"about":[{"href":"https:\/\/kospoznan.pan.pl\/index.php?rest_route=\/wp\/v2\/types\/page"}],"author":[{"embeddable":true,"href":"https:\/\/kospoznan.pan.pl\/index.php?rest_route=\/wp\/v2\/users\/2"}],"replies":[{"embeddable":true,"href":"https:\/\/kospoznan.pan.pl\/index.php?rest_route=%2Fwp%2Fv2%2Fcomments&post=510"}],"version-history":[{"count":1,"href":"https:\/\/kospoznan.pan.pl\/index.php?rest_route=\/wp\/v2\/pages\/510\/revisions"}],"predecessor-version":[{"id":511,"href":"https:\/\/kospoznan.pan.pl\/index.php?rest_route=\/wp\/v2\/pages\/510\/revisions\/511"}],"wp:attachment":[{"href":"https:\/\/kospoznan.pan.pl\/index.php?rest_route=%2Fwp%2Fv2%2Fmedia&parent=510"}],"curies":[{"name":"wp","href":"https:\/\/api.w.org\/{rel}","templated":true}]}}