{"id":531,"date":"2024-07-26T12:56:04","date_gmt":"2024-07-26T10:56:04","guid":{"rendered":"https:\/\/kospoznan.pan.pl\/?page_id=531"},"modified":"2024-07-26T12:56:04","modified_gmt":"2024-07-26T10:56:04","slug":"zavodny","status":"publish","type":"page","link":"https:\/\/kospoznan.pan.pl\/?page_id=531","title":{"rendered":"Zavodny"},"content":{"rendered":"\n<h1 class=\"wp-block-heading\">Doc. PaedDr. Andrej Z\u00e1vodn\u00fd, PhD.<\/h1>\n\n\n\n<p>Jazykovedec, venuje sa onomastike, dejin\u00e1m slovensk\u00e9ho jazyka, historickej lexikol\u00f3gii a dialektol\u00f3gii na Pedagogickej fakulte Trnavskej univerzity v Trnave. Predmetom jeho v\u00fdskumu v oblasti onomastiky je predov\u0161etk\u00fdm toponymia, v u\u017e\u0161om vn\u00edman\u00ed najm\u00e4 hydronymia, tie\u017e onomastick\u00e1 terminol\u00f3gia a ortografia vlastn\u00fdch mien v sloven\u010dine. Venuje sa aj region\u00e1lnemu v\u00fdskumu prihrani\u010dn\u00fdch z\u00e1horsk\u00fdch n\u00e1re\u010d\u00ed.<\/p>\n\n\n\n<p><strong>Z\u00e1stupca ved\u00faceho<\/strong> Katedry slovensk\u00e9ho jazyka a&nbsp;literat\u00fary na Pedagogickej fakulte Trnavskej univerzity v&nbsp;Trnave <br><a href=\"https:\/\/pdf.truni.sk\/katedry\/ksj\/pracovnici\/andrej-zavodny\">https:\/\/pdf.truni.sk\/katedry\/ksj\/pracovnici\/andrej-zavodny<\/a><br><strong>\u010clen<\/strong> Kalend\u00e1rovej komisie pri Ministerstve kult\u00fary SR<br><a href=\"https:\/\/www.culture.gov.sk\/posobnost-ministerstva\/statny-jazyk-narodnostne-mensiny-a-zahranicni-slovaci\/statny-jazyk\/kalendarova-komisia\/zlozenie-kalendarovej-komisie\/\">https:\/\/www.culture.gov.sk\/posobnost-ministerstva\/statny-jazyk-narodnostne-mensiny-a-zahranicni-slovaci\/statny-jazyk\/kalendarova-komisia\/zlozenie-kalendarovej-komisie\/<\/a><br><strong>\u010clen<\/strong> predsedn\u00edctva Slovenskej onomastickej komisie pri Jazykovednom \u00fastave &nbsp;\u013dudov\u00edta \u0160t\u00fara SAV, v. v. i.<br><a href=\"https:\/\/www.juls.savba.sk\/komisia_onomasticka.html\">https:\/\/www.juls.savba.sk\/komisia_onomasticka.html<\/a><br><strong>Predseda<\/strong> pobo\u010dky Slovenskej jazykovednej spolo\u010dnosti pri Jazykovednom \u00fastave \u013d. \u0160t\u00fara SAV, v. v. i., v&nbsp;Trnave<br><a href=\"https:\/\/www.juls.savba.sk\/sjs_vybor.html\">https:\/\/www.juls.savba.sk\/sjs_vybor.html<\/a><br><strong>\u010clen<\/strong> Kodifika\u010dnej a pravopisnej komisie pri Jazykovednom \u00fastave \u013dudov\u00edta \u0160t\u00fara SAV, v. v. i. <a href=\"https:\/\/www.juls.savba.sk\/komisia_kodifikacna.html\">https:\/\/www.juls.savba.sk\/komisia_kodifikacna.html<\/a><\/p>\n\n\n\n<p><strong>V\u00fdber literat\u00fary<\/strong><\/p>\n\n\n\n<p><span style=\"text-decoration: underline;\"><em>Monografie<\/em><\/span><\/p>\n\n\n\n<ol class=\"wp-block-list\">\n<li><em>Hydronymia slovenskej \u010dasti povodia Moravy.<\/em> Trnava: Typi Universitatis Tyrnaviensis, spolo\u010dn\u00e9 pracovisko Trnavskej univerzity v Trnave a VEDY, vydavate\u013estva Slovenskej akad\u00e9mie vied, 2012.<br><a href=\"https:\/\/pdfweb.truni.sk\/veda-vyskum?e-kniznica#monografie\">https:\/\/pdfweb.truni.sk\/veda-vyskum?e-kniznica#monografie<\/a><\/li>\n\n\n\n<li><em>Kont\u00fary slovenskej onymie. Trnava: Trnavsk\u00e1 univerzita v Trnave.<\/em> Typi Universitatis Tyrnaviensis, spolo\u010dn\u00e9 pracovisko Trnavskej univerzity v Trnave a Vedy, vydavate\u013estva Slovenskej akad\u00e9mie vied, 2021. <a href=\"https:\/\/pdfweb.truni.sk\/veda-vyskum?e-kniznica#monografie\">https:\/\/pdfweb.truni.sk\/veda-vyskum?e-kniznica#monografie<\/a><\/li>\n\n\n\n<li><em>Hydronymia \u017ditn\u00e9ho ostrova (spoluautor J. Hladk\u00fd).<\/em> Trnava: Typi Universitatis Tyrnaviensis, spolo\u010dn\u00e9 pracovisko Trnavskej univerzity v Trnave a VEDY, vydavate\u013estva Slovenskej akad\u00e9mie vied, 2015.<br><a href=\"https:\/\/pdfweb.truni.sk\/veda-vyskum?e-kniznica#monografie\">https:\/\/pdfweb.truni.sk\/veda-vyskum?e-kniznica#monografie<\/a><\/li>\n\n\n\n<li><em>Hydronymia Mal\u00e9ho Dunaja (spoluautori J. Hladk\u00fd a M. Bel\u00e1kov\u00e1).<\/em> Trnava: Typi Universitatis Tyrnaviensis, spolo\u010dn\u00e9 pracovisko Trnavskej univerzity v Trnave a VEDY, vydavate\u013estva Slovenskej akad\u00e9mie vied, 2018.<br>https:\/\/pdfweb.truni.sk\/veda-vyskum?e-kniznica#monografie<\/li>\n\n\n\n<li><em>Cyrilo-metodsk\u00e9 replik\u00e1cie byzantsko-slovanskej kult\u00fary v interpret\u00e1cii (spoluautorstvo J. Hladk\u00fd, K. Pavlovi\u010dov\u00e1, J. Pavlovi\u010d). <\/em>Trnava: Trnavsk\u00e1 univerzita v Trnave. Pedagogick\u00e1 fakulta, 2013.<br><a href=\"https:\/\/pdfweb.truni.sk\/veda-vyskum?e-kniznica#monografie\">https:\/\/pdfweb.truni.sk\/veda-vyskum?e-kniznica#monografie<\/a><\/li>\n<\/ol>\n\n\n\n<p><span style=\"text-decoration: underline;\"><em>\u010cl\u00e1nky<\/em><\/span><\/p>\n\n\n\n<ol class=\"wp-block-list\">\n<li><em>Distrib\u00facia sufixu -ava v slovenskej hydronymii.<\/em> In: Logos Onomastiki : Naukovij \u017eurnal, 2008, ro\u010d. 1, No. 2, s. 48 \u2012 52.<\/li>\n\n\n\n<li><em>Nejednozna\u010dnos\u0165 pri p\u00edsan\u00ed niektor\u00fdch typov vlastn\u00fdch mien (Ambiguity in writing of some types of proper names).<\/em> In: Slovensk\u00e1 re\u010d : \u010dasopis pre v\u00fdskum slovensk\u00e9ho jazyka, 2015, ro\u010d. 80, \u010d. 1 \u2012 2, s. 73 \u2012 83. ISSN 0037-6981. <a href=\"https:\/\/www.juls.savba.sk\/ediela\/sr\/2015\/1-2\/sr15-1-2.pdf\">https:\/\/www.juls.savba.sk\/ediela\/sr\/2015\/1-2\/sr15-1-2.pdf<\/a><\/li>\n\n\n\n<li><em>K fungovaniu endon\u00fdm a exon\u00fdm v jazykovej praxi (On the Use of Endonyms and Exonyms in Language Practice).<\/em> In: Slovensk\u00e1 re\u010d : \u010dasopis pre v\u00fdskum slovensk\u00e9ho jazyka, 2020, ro\u010d. 85, \u010d. 1, s. 42 \u2012 61. ISSN 0037-6981.<br><a href=\"https:\/\/www.juls.savba.sk\/ediela\/sr\/2020\/1\/sr20-1.pdf\">https:\/\/www.juls.savba.sk\/ediela\/sr\/2020\/1\/sr20-1.pdf<\/a><\/li>\n\n\n\n<li><em>Pozn\u00e1mky k onomastick\u00fdm term\u00ednom proprializ\u00e1cia, apelativiz\u00e1cia, transonymiz\u00e1cia a deproprializ\u00e1cia (Notes on onomastic terms proprialization, appellativization, transonymization and deproprialization) (spoluautorka D. Ba\u0161istov\u00e1).<\/em> In: Jazykovedn\u00fd \u010dasopis, 2021, ro\u010d. 72, \u010d. 1, s. 101 \u2012 113. ISSN 0021-5597.<br><a href=\"https:\/\/www.juls.savba.sk\/ediela\/jc\/2021\/1\/jc21-01.pdf\">https:\/\/www.juls.savba.sk\/ediela\/jc\/2021\/1\/jc21-01.pdf<\/a><\/li>\n\n\n\n<li><em>The research into Slovak toponymy (oikonymy, anoikonymy) (spoluautor J. Hladk\u00fd).<\/em> In: Onoma : Journal of the International Council of Onomastic Sciences. 2022, \u010d. 57, s. 105 \u2012 117. \u2013 ISSN 0078-463X, (online) 1783-1644. DOI 10.34158\/ONOMA.57\/2022\/7.<br><a href=\"https:\/\/onomajournal.org\/wp-content\/uploads\/2023\/04\/Onoma-57-1.06-Hladky-Zavodny-updated.pdf\">https:\/\/onomajournal.org\/wp-content\/uploads\/2023\/04\/Onoma-57-1.06-Hladky-Zavodny-updated.pdf<\/a><\/li>\n<\/ol>\n\n\n\n<p><strong>Odkazy na publik\u00e1cie<\/strong>:<br><a href=\"https:\/\/repco.truni.sk\/?fn=ResultFormChildS26R9&amp;seo=REP%C4%8CO-Zoznam-z%C3%A1znamov\">https:\/\/repco.truni.sk\/?fn=ResultFormChildS26R9&amp;seo=REP%C4%8CO-Zoznam-z%C3%A1znamov<\/a><br><a href=\"https:\/\/pdf.truni.sk\/katedry\/ksj\/pracovnici\/andrej-zavodny\">https:\/\/pdf.truni.sk\/katedry\/ksj\/pracovnici\/andrej-zavodny<\/a><br><a href=\"https:\/\/www.juls.savba.sk\/ediela\/slovenski_jazykovedci\/\">https:\/\/www.juls.savba.sk\/ediela\/slovenski_jazykovedci\/<\/a><\/p>\n","protected":false},"excerpt":{"rendered":"<p>Doc. PaedDr. Andrej Z\u00e1vodn\u00fd, PhD. Jazykovedec, venuje sa onomastike, dejin\u00e1m slovensk\u00e9ho jazyka, historickej lexikol\u00f3gii a dialektol\u00f3gii na Pedagogickej fakulte Trnavskej univerzity v Trnave. Predmetom jeho v\u00fdskumu v oblasti onomastiky je predov\u0161etk\u00fdm toponymia, v u\u017e\u0161om vn\u00edman\u00ed najm\u00e4 hydronymia, tie\u017e onomastick\u00e1 terminol\u00f3gia a ortografia vlastn\u00fdch mien v sloven\u010dine. Venuje sa aj region\u00e1lnemu v\u00fdskumu prihrani\u010dn\u00fdch z\u00e1horsk\u00fdch n\u00e1re\u010d\u00ed. Z\u00e1stupca&hellip; <br \/> <a class=\"read-more\" href=\"https:\/\/kospoznan.pan.pl\/?page_id=531\">Dowiedz si\u0119 wi\u0119cej<\/a><\/p>\n","protected":false},"author":2,"featured_media":0,"parent":0,"menu_order":0,"comment_status":"closed","ping_status":"closed","template":"","meta":{"ngg_post_thumbnail":0,"footnotes":""},"class_list":["post-531","page","type-page","status-publish","hentry"],"_links":{"self":[{"href":"https:\/\/kospoznan.pan.pl\/index.php?rest_route=\/wp\/v2\/pages\/531","targetHints":{"allow":["GET"]}}],"collection":[{"href":"https:\/\/kospoznan.pan.pl\/index.php?rest_route=\/wp\/v2\/pages"}],"about":[{"href":"https:\/\/kospoznan.pan.pl\/index.php?rest_route=\/wp\/v2\/types\/page"}],"author":[{"embeddable":true,"href":"https:\/\/kospoznan.pan.pl\/index.php?rest_route=\/wp\/v2\/users\/2"}],"replies":[{"embeddable":true,"href":"https:\/\/kospoznan.pan.pl\/index.php?rest_route=%2Fwp%2Fv2%2Fcomments&post=531"}],"version-history":[{"count":1,"href":"https:\/\/kospoznan.pan.pl\/index.php?rest_route=\/wp\/v2\/pages\/531\/revisions"}],"predecessor-version":[{"id":532,"href":"https:\/\/kospoznan.pan.pl\/index.php?rest_route=\/wp\/v2\/pages\/531\/revisions\/532"}],"wp:attachment":[{"href":"https:\/\/kospoznan.pan.pl\/index.php?rest_route=%2Fwp%2Fv2%2Fmedia&parent=531"}],"curies":[{"name":"wp","href":"https:\/\/api.w.org\/{rel}","templated":true}]}}